{"id":2924,"date":"2020-12-10T18:59:26","date_gmt":"2020-12-10T18:59:26","guid":{"rendered":"https:\/\/masdelpi-valderrobres.com\/kontakt\/"},"modified":"2026-03-22T12:33:14","modified_gmt":"2026-03-22T12:33:14","slug":"kontakt","status":"publish","type":"page","link":"https:\/\/masdelpi-valderrobres.com\/de\/kontakt\/","title":{"rendered":"Kontakt"},"content":{"rendered":"\t\t<div data-elementor-type=\"wp-page\" data-elementor-id=\"2924\" class=\"elementor elementor-2924 elementor-1285\" data-elementor-post-type=\"page\">\n\t\t\t\t\t\t<section class=\"elementor-section elementor-top-section elementor-element elementor-element-e35721c elementor-section-boxed elementor-section-height-default elementor-section-height-default\" data-id=\"e35721c\" data-element_type=\"section\" data-e-type=\"section\">\n\t\t\t\t\t\t<div class=\"elementor-container elementor-column-gap-default\">\n\t\t\t\t\t<div class=\"elementor-column elementor-col-50 elementor-top-column elementor-element elementor-element-7972ad8b\" data-id=\"7972ad8b\" data-element_type=\"column\" data-e-type=\"column\">\n\t\t\t<div class=\"elementor-widget-wrap elementor-element-populated\">\n\t\t\t\t\t\t<div class=\"elementor-element elementor-element-6f2e6d9 elementor-widget elementor-widget-heading\" data-id=\"6f2e6d9\" data-element_type=\"widget\" data-e-type=\"widget\" data-widget_type=\"heading.default\">\n\t\t\t\t<div class=\"elementor-widget-container\">\n\t\t\t\t\t<h2 class=\"elementor-heading-title elementor-size-default\">Kontakt<\/h2>\t\t\t\t<\/div>\n\t\t\t\t<\/div>\n\t\t\t\t<div class=\"elementor-element elementor-element-27ee0c07 elementor-widget elementor-widget-text-editor\" data-id=\"27ee0c07\" data-element_type=\"widget\" data-e-type=\"widget\" data-widget_type=\"text-editor.default\">\n\t\t\t\t<div class=\"elementor-widget-container\">\n\t\t\t\t\t\t\t\t\t<p>Haben Sie Fragen oder m\u00f6chten Sie ein Zimmer buchen? Bitte kontaktieren Sie uns, indem Sie uns eine Nachricht \u00fcber das Kontaktformular unten, per E-Mail oder Whatsapp schicken. F\u00fcr eine Buchung teilen Sie uns bitte die Daten und die Art des Zimmers mit, die Sie bevorzugen.<\/p>\t\t\t\t\t\t\t\t<\/div>\n\t\t\t\t<\/div>\n\t\t\t\t<div class=\"elementor-element elementor-element-72cff76 elementor-icon-list--layout-traditional elementor-list-item-link-full_width elementor-widget elementor-widget-icon-list\" data-id=\"72cff76\" data-element_type=\"widget\" data-e-type=\"widget\" data-widget_type=\"icon-list.default\">\n\t\t\t\t<div class=\"elementor-widget-container\">\n\t\t\t\t\t\t\t<ul class=\"elementor-icon-list-items\">\n\t\t\t\t\t\t\t<li class=\"elementor-icon-list-item\">\n\t\t\t\t\t\t\t\t\t\t\t<span class=\"elementor-icon-list-icon\">\n\t\t\t\t\t\t\t<i aria-hidden=\"true\" class=\"fas fa-map-marker-alt\"><\/i>\t\t\t\t\t\t<\/span>\n\t\t\t\t\t\t\t\t\t\t<span class=\"elementor-icon-list-text\">Calle los Santos, 0, 44580 Valderrobres<\/span>\n\t\t\t\t\t\t\t\t\t<\/li>\n\t\t\t\t\t\t\t\t<li class=\"elementor-icon-list-item\">\n\t\t\t\t\t\t\t\t\t\t\t<a href=\"mailto:info@masdelpi-valderrobres.com\">\n\n\t\t\t\t\t\t\t\t\t\t\t\t<span class=\"elementor-icon-list-icon\">\n\t\t\t\t\t\t\t<i aria-hidden=\"true\" class=\"fas fa-envelope\"><\/i>\t\t\t\t\t\t<\/span>\n\t\t\t\t\t\t\t\t\t\t<span class=\"elementor-icon-list-text\">Info@masdelpivalderrobres.com<\/span>\n\t\t\t\t\t\t\t\t\t\t\t<\/a>\n\t\t\t\t\t\t\t\t\t<\/li>\n\t\t\t\t\t\t<\/ul>\n\t\t\t\t\t\t<\/div>\n\t\t\t\t<\/div>\n\t\t\t\t<div class=\"elementor-element elementor-element-048457a elementor-button-align-start elementor-widget elementor-widget-form\" data-id=\"048457a\" data-element_type=\"widget\" data-e-type=\"widget\" data-settings=\"{&quot;step_next_label&quot;:&quot;Volgende&quot;,&quot;step_previous_label&quot;:&quot;Vorige&quot;,&quot;button_width&quot;:&quot;100&quot;,&quot;step_type&quot;:&quot;number_text&quot;,&quot;step_icon_shape&quot;:&quot;circle&quot;}\" data-widget_type=\"form.default\">\n\t\t\t\t<div class=\"elementor-widget-container\">\n\t\t\t\t\t\t\t<form class=\"elementor-form\" method=\"post\" name=\"Kontaktformulierung\" aria-label=\"Kontaktformulierung\">\n\t\t\t<input type=\"hidden\" name=\"post_id\" value=\"2924\"\/>\n\t\t\t<input type=\"hidden\" name=\"form_id\" value=\"048457a\"\/>\n\t\t\t<input type=\"hidden\" name=\"referer_title\" value=\"Kontakt - Mas Del Pi\" \/>\n\n\t\t\t\t\t\t\t<input type=\"hidden\" name=\"queried_id\" value=\"2924\"\/>\n\t\t\t\n\t\t\t<div class=\"elementor-form-fields-wrapper elementor-labels-\">\n\t\t\t\t\t\t\t\t<div class=\"elementor-field-type-text elementor-field-group elementor-column elementor-field-group-name elementor-col-100\">\n\t\t\t\t\t\t\t\t\t\t\t\t<label for=\"form-field-name\" class=\"elementor-field-label elementor-screen-only\">\n\t\t\t\t\t\t\t\tBezeichnung\t\t\t\t\t\t\t<\/label>\n\t\t\t\t\t\t\t\t\t\t\t\t\t\t<input size=\"1\" type=\"text\" name=\"form_fields[name]\" id=\"form-field-name\" class=\"elementor-field elementor-size-md  elementor-field-textual\" placeholder=\"Bezeichnung\">\n\t\t\t\t\t\t\t\t\t\t\t<\/div>\n\t\t\t\t\t\t\t\t<div class=\"elementor-field-type-email elementor-field-group elementor-column elementor-field-group-email elementor-col-100 elementor-field-required\">\n\t\t\t\t\t\t\t\t\t\t\t\t<label for=\"form-field-email\" class=\"elementor-field-label elementor-screen-only\">\n\t\t\t\t\t\t\t\tE-Mail\t\t\t\t\t\t\t<\/label>\n\t\t\t\t\t\t\t\t\t\t\t\t\t\t<input size=\"1\" type=\"email\" name=\"form_fields[email]\" id=\"form-field-email\" class=\"elementor-field elementor-size-md  elementor-field-textual\" placeholder=\"E-Mail\" required=\"required\">\n\t\t\t\t\t\t\t\t\t\t\t<\/div>\n\t\t\t\t\t\t\t\t<div class=\"elementor-field-type-tel elementor-field-group elementor-column elementor-field-group-field_430e383 elementor-col-100\">\n\t\t\t\t\t\t\t\t\t\t\t\t<label for=\"form-field-field_430e383\" class=\"elementor-field-label elementor-screen-only\">\n\t\t\t\t\t\t\t\tRufnummer\t\t\t\t\t\t\t<\/label>\n\t\t\t\t\t\t\t\t<input size=\"1\" type=\"tel\" name=\"form_fields[field_430e383]\" id=\"form-field-field_430e383\" class=\"elementor-field elementor-size-md  elementor-field-textual\" placeholder=\"Rufnummer\" pattern=\"[0-9()#&amp;+*-=.]+\" title=\"Nur Nummern oder Telefon-Zeichen (#, -, *, etc) werden akzeptiert.\">\n\n\t\t\t\t\t\t<\/div>\n\t\t\t\t\t\t\t\t<div class=\"elementor-field-type-textarea elementor-field-group elementor-column elementor-field-group-message elementor-col-100 elementor-field-required\">\n\t\t\t\t\t\t\t\t\t\t\t\t<label for=\"form-field-message\" class=\"elementor-field-label elementor-screen-only\">\n\t\t\t\t\t\t\t\tReactie von bericht\t\t\t\t\t\t\t<\/label>\n\t\t\t\t\t\t<textarea class=\"elementor-field-textual elementor-field  elementor-size-md\" name=\"form_fields[message]\" id=\"form-field-message\" rows=\"4\" placeholder=\"Nachricht\" required=\"required\"><\/textarea>\t\t\t\t<\/div>\n\t\t\t\t\t\t\t\t<div class=\"elementor-field-type-recaptcha_v3 elementor-field-group elementor-column elementor-field-group-field_55177d8 elementor-col-100 recaptcha_v3-inline\">\n\t\t\t\t\t<div class=\"elementor-field\" id=\"form-field-field_55177d8\"><div class=\"elementor-g-recaptcha\" data-sitekey=\"6Lc3bdElAAAAAKlCVgkbGlatnzEJ2Ctru0ur8c0V\" data-type=\"v3\" data-action=\"Form\" data-badge=\"inline\" data-size=\"invisible\"><\/div><\/div>\t\t\t\t<\/div>\n\t\t\t\t\t\t\t\t<div class=\"elementor-field-group elementor-column elementor-field-type-submit elementor-col-100 e-form__buttons\">\n\t\t\t\t\t<button class=\"elementor-button elementor-size-md elementor-animation-float\" type=\"submit\">\n\t\t\t\t\t\t<span class=\"elementor-button-content-wrapper\">\n\t\t\t\t\t\t\t\t\t\t\t\t\t\t\t\t\t\t\t\t\t\t<span class=\"elementor-button-text\">Senden Sie<\/span>\n\t\t\t\t\t\t\t\t\t\t\t\t\t<\/span>\n\t\t\t\t\t<\/button>\n\t\t\t\t<\/div>\n\t\t\t<\/div>\n\t\t<\/form>\n\t\t\t\t\t\t<\/div>\n\t\t\t\t<\/div>\n\t\t\t\t\t<\/div>\n\t\t<\/div>\n\t\t\t\t<div class=\"elementor-column elementor-col-50 elementor-top-column elementor-element elementor-element-b9f917f\" data-id=\"b9f917f\" data-element_type=\"column\" data-e-type=\"column\">\n\t\t\t<div class=\"elementor-widget-wrap elementor-element-populated\">\n\t\t\t\t\t\t<div class=\"elementor-element elementor-element-f97a66e elementor-widget elementor-widget-google_maps\" data-id=\"f97a66e\" data-element_type=\"widget\" data-e-type=\"widget\" data-settings=\"{&quot;sticky&quot;:&quot;top&quot;,&quot;sticky_offset&quot;:&quot;120&quot;,&quot;sticky_parent&quot;:&quot;yes&quot;,&quot;sticky_on&quot;:[&quot;desktop&quot;,&quot;tablet&quot;,&quot;mobile_extra&quot;,&quot;mobile&quot;],&quot;sticky_effects_offset&quot;:0,&quot;sticky_anchor_link_offset&quot;:0}\" data-widget_type=\"google_maps.default\">\n\t\t\t\t<div class=\"elementor-widget-container\">\n\t\t\t\t\t\t\t<div class=\"elementor-custom-embed\">\n\t\t\t<iframe loading=\"lazy\"\n\t\t\t\t\tsrc=\"https:\/\/maps.google.com\/maps?q=Mas%20del%20Pi%20-%20Valderrobres&#038;t=m&#038;z=6&#038;output=embed&#038;iwloc=near\"\n\t\t\t\t\ttitle=\"Mas del Pi - Valderrobres\"\n\t\t\t\t\taria-label=\"Mas del Pi - Valderrobres\"\n\t\t\t><\/iframe>\n\t\t<\/div>\n\t\t\t\t\t\t<\/div>\n\t\t\t\t<\/div>\n\t\t\t\t\t<\/div>\n\t\t<\/div>\n\t\t\t\t\t<\/div>\n\t\t<\/section>\n\t\t\t\t<\/div>\n\t\t","protected":false},"excerpt":{"rendered":"<p>Kontakt Haben Sie Fragen oder m\u00f6chten Sie ein Zimmer buchen? Bitte kontaktieren Sie uns, indem Sie uns eine Nachricht \u00fcber das Kontaktformular unten, per E-Mail oder Whatsapp schicken. F\u00fcr eine Buchung teilen Sie uns bitte die Daten und die Art des Zimmers mit, die Sie bevorzugen. Calle los Santos, 0, 44580 Valderrobres Info@masdelpivalderrobres.com<\/p>\n","protected":false},"author":1,"featured_media":1981,"parent":0,"menu_order":0,"comment_status":"closed","ping_status":"closed","template":"","meta":{"footnotes":""},"class_list":["post-2924","page","type-page","status-publish","has-post-thumbnail","hentry"],"yoast_head":"<!-- This site is optimized with the Yoast SEO plugin v27.4 - https:\/\/yoast.com\/product\/yoast-seo-wordpress\/ -->\n<title>Kontakt - Mas Del Pi<\/title>\n<meta name=\"robots\" content=\"index, follow, max-snippet:-1, max-image-preview:large, max-video-preview:-1\" \/>\n<link rel=\"canonical\" href=\"https:\/\/masdelpi-valderrobres.com\/de\/kontakt\/\" \/>\n<meta property=\"og:locale\" content=\"de_DE\" \/>\n<meta property=\"og:type\" content=\"article\" \/>\n<meta property=\"og:title\" content=\"Kontakt - Mas Del Pi\" \/>\n<meta property=\"og:description\" content=\"Kontakt Haben Sie Fragen oder m\u00f6chten Sie ein Zimmer buchen? Bitte kontaktieren Sie uns, indem Sie uns eine Nachricht \u00fcber das Kontaktformular unten, per E-Mail oder Whatsapp schicken. F\u00fcr eine Buchung teilen Sie uns bitte die Daten und die Art des Zimmers mit, die Sie bevorzugen. Calle los Santos, 0, 44580 Valderrobres Info@masdelpivalderrobres.com\" \/>\n<meta property=\"og:url\" content=\"https:\/\/masdelpi-valderrobres.com\/de\/kontakt\/\" \/>\n<meta property=\"og:site_name\" content=\"Mas Del Pi\" \/>\n<meta property=\"article:modified_time\" content=\"2026-03-22T12:33:14+00:00\" \/>\n<meta name=\"twitter:card\" content=\"summary_large_image\" \/>\n<script type=\"application\/ld+json\" class=\"yoast-schema-graph\">{\"@context\":\"https:\\\/\\\/schema.org\",\"@graph\":[{\"@type\":\"WebPage\",\"@id\":\"https:\\\/\\\/masdelpi-valderrobres.com\\\/de\\\/kontakt\\\/\",\"url\":\"https:\\\/\\\/masdelpi-valderrobres.com\\\/de\\\/kontakt\\\/\",\"name\":\"Kontakt - Mas Del Pi\",\"isPartOf\":{\"@id\":\"https:\\\/\\\/masdelpi-valderrobres.com\\\/de\\\/#website\"},\"primaryImageOfPage\":{\"@id\":\"https:\\\/\\\/masdelpi-valderrobres.com\\\/de\\\/kontakt\\\/#primaryimage\"},\"image\":{\"@id\":\"https:\\\/\\\/masdelpi-valderrobres.com\\\/de\\\/kontakt\\\/#primaryimage\"},\"thumbnailUrl\":\"\",\"datePublished\":\"2020-12-10T18:59:26+00:00\",\"dateModified\":\"2026-03-22T12:33:14+00:00\",\"breadcrumb\":{\"@id\":\"https:\\\/\\\/masdelpi-valderrobres.com\\\/de\\\/kontakt\\\/#breadcrumb\"},\"inLanguage\":\"de\",\"potentialAction\":[{\"@type\":\"ReadAction\",\"target\":[\"https:\\\/\\\/masdelpi-valderrobres.com\\\/de\\\/kontakt\\\/\"]}]},{\"@type\":\"ImageObject\",\"inLanguage\":\"de\",\"@id\":\"https:\\\/\\\/masdelpi-valderrobres.com\\\/de\\\/kontakt\\\/#primaryimage\",\"url\":\"\",\"contentUrl\":\"\"},{\"@type\":\"BreadcrumbList\",\"@id\":\"https:\\\/\\\/masdelpi-valderrobres.com\\\/de\\\/kontakt\\\/#breadcrumb\",\"itemListElement\":[{\"@type\":\"ListItem\",\"position\":1,\"name\":\"Home\",\"item\":\"https:\\\/\\\/masdelpi-valderrobres.com\\\/de\\\/startseite\\\/\"},{\"@type\":\"ListItem\",\"position\":2,\"name\":\"Kontakt\"}]},{\"@type\":\"WebSite\",\"@id\":\"https:\\\/\\\/masdelpi-valderrobres.com\\\/de\\\/#website\",\"url\":\"https:\\\/\\\/masdelpi-valderrobres.com\\\/de\\\/\",\"name\":\"Mas Del Pi\",\"description\":\"Valderrobres\",\"publisher\":{\"@id\":\"https:\\\/\\\/masdelpi-valderrobres.com\\\/de\\\/#organization\"},\"potentialAction\":[{\"@type\":\"SearchAction\",\"target\":{\"@type\":\"EntryPoint\",\"urlTemplate\":\"https:\\\/\\\/masdelpi-valderrobres.com\\\/de\\\/?s={search_term_string}\"},\"query-input\":{\"@type\":\"PropertyValueSpecification\",\"valueRequired\":true,\"valueName\":\"search_term_string\"}}],\"inLanguage\":\"de\"},{\"@type\":\"Organization\",\"@id\":\"https:\\\/\\\/masdelpi-valderrobres.com\\\/de\\\/#organization\",\"name\":\"Mas Del Pi\",\"url\":\"https:\\\/\\\/masdelpi-valderrobres.com\\\/de\\\/\",\"logo\":{\"@type\":\"ImageObject\",\"inLanguage\":\"de\",\"@id\":\"https:\\\/\\\/masdelpi-valderrobres.com\\\/de\\\/#\\\/schema\\\/logo\\\/image\\\/\",\"url\":\"https:\\\/\\\/masdelpi-valderrobres.com\\\/wp-content\\\/uploads\\\/2020\\\/10\\\/dasfghj.png\",\"contentUrl\":\"https:\\\/\\\/masdelpi-valderrobres.com\\\/wp-content\\\/uploads\\\/2020\\\/10\\\/dasfghj.png\",\"width\":517,\"height\":211,\"caption\":\"Mas Del Pi\"},\"image\":{\"@id\":\"https:\\\/\\\/masdelpi-valderrobres.com\\\/de\\\/#\\\/schema\\\/logo\\\/image\\\/\"}}]}<\/script>\n<!-- \/ Yoast SEO plugin. -->","yoast_head_json":{"title":"Kontakt - Mas Del Pi","robots":{"index":"index","follow":"follow","max-snippet":"max-snippet:-1","max-image-preview":"max-image-preview:large","max-video-preview":"max-video-preview:-1"},"canonical":"https:\/\/masdelpi-valderrobres.com\/de\/kontakt\/","og_locale":"de_DE","og_type":"article","og_title":"Kontakt - Mas Del Pi","og_description":"Kontakt Haben Sie Fragen oder m\u00f6chten Sie ein Zimmer buchen? Bitte kontaktieren Sie uns, indem Sie uns eine Nachricht \u00fcber das Kontaktformular unten, per E-Mail oder Whatsapp schicken. F\u00fcr eine Buchung teilen Sie uns bitte die Daten und die Art des Zimmers mit, die Sie bevorzugen. Calle los Santos, 0, 44580 Valderrobres Info@masdelpivalderrobres.com","og_url":"https:\/\/masdelpi-valderrobres.com\/de\/kontakt\/","og_site_name":"Mas Del Pi","article_modified_time":"2026-03-22T12:33:14+00:00","twitter_card":"summary_large_image","schema":{"@context":"https:\/\/schema.org","@graph":[{"@type":"WebPage","@id":"https:\/\/masdelpi-valderrobres.com\/de\/kontakt\/","url":"https:\/\/masdelpi-valderrobres.com\/de\/kontakt\/","name":"Kontakt - Mas Del Pi","isPartOf":{"@id":"https:\/\/masdelpi-valderrobres.com\/de\/#website"},"primaryImageOfPage":{"@id":"https:\/\/masdelpi-valderrobres.com\/de\/kontakt\/#primaryimage"},"image":{"@id":"https:\/\/masdelpi-valderrobres.com\/de\/kontakt\/#primaryimage"},"thumbnailUrl":"","datePublished":"2020-12-10T18:59:26+00:00","dateModified":"2026-03-22T12:33:14+00:00","breadcrumb":{"@id":"https:\/\/masdelpi-valderrobres.com\/de\/kontakt\/#breadcrumb"},"inLanguage":"de","potentialAction":[{"@type":"ReadAction","target":["https:\/\/masdelpi-valderrobres.com\/de\/kontakt\/"]}]},{"@type":"ImageObject","inLanguage":"de","@id":"https:\/\/masdelpi-valderrobres.com\/de\/kontakt\/#primaryimage","url":"","contentUrl":""},{"@type":"BreadcrumbList","@id":"https:\/\/masdelpi-valderrobres.com\/de\/kontakt\/#breadcrumb","itemListElement":[{"@type":"ListItem","position":1,"name":"Home","item":"https:\/\/masdelpi-valderrobres.com\/de\/startseite\/"},{"@type":"ListItem","position":2,"name":"Kontakt"}]},{"@type":"WebSite","@id":"https:\/\/masdelpi-valderrobres.com\/de\/#website","url":"https:\/\/masdelpi-valderrobres.com\/de\/","name":"Mas Del Pi","description":"Valderrobres","publisher":{"@id":"https:\/\/masdelpi-valderrobres.com\/de\/#organization"},"potentialAction":[{"@type":"SearchAction","target":{"@type":"EntryPoint","urlTemplate":"https:\/\/masdelpi-valderrobres.com\/de\/?s={search_term_string}"},"query-input":{"@type":"PropertyValueSpecification","valueRequired":true,"valueName":"search_term_string"}}],"inLanguage":"de"},{"@type":"Organization","@id":"https:\/\/masdelpi-valderrobres.com\/de\/#organization","name":"Mas Del Pi","url":"https:\/\/masdelpi-valderrobres.com\/de\/","logo":{"@type":"ImageObject","inLanguage":"de","@id":"https:\/\/masdelpi-valderrobres.com\/de\/#\/schema\/logo\/image\/","url":"https:\/\/masdelpi-valderrobres.com\/wp-content\/uploads\/2020\/10\/dasfghj.png","contentUrl":"https:\/\/masdelpi-valderrobres.com\/wp-content\/uploads\/2020\/10\/dasfghj.png","width":517,"height":211,"caption":"Mas Del Pi"},"image":{"@id":"https:\/\/masdelpi-valderrobres.com\/de\/#\/schema\/logo\/image\/"}}]}},"_links":{"self":[{"href":"https:\/\/masdelpi-valderrobres.com\/de\/wp-json\/wp\/v2\/pages\/2924","targetHints":{"allow":["GET"]}}],"collection":[{"href":"https:\/\/masdelpi-valderrobres.com\/de\/wp-json\/wp\/v2\/pages"}],"about":[{"href":"https:\/\/masdelpi-valderrobres.com\/de\/wp-json\/wp\/v2\/types\/page"}],"author":[{"embeddable":true,"href":"https:\/\/masdelpi-valderrobres.com\/de\/wp-json\/wp\/v2\/users\/1"}],"replies":[{"embeddable":true,"href":"https:\/\/masdelpi-valderrobres.com\/de\/wp-json\/wp\/v2\/comments?post=2924"}],"version-history":[{"count":20,"href":"https:\/\/masdelpi-valderrobres.com\/de\/wp-json\/wp\/v2\/pages\/2924\/revisions"}],"predecessor-version":[{"id":4330,"href":"https:\/\/masdelpi-valderrobres.com\/de\/wp-json\/wp\/v2\/pages\/2924\/revisions\/4330"}],"wp:featuredmedia":[{"embeddable":true,"href":"https:\/\/masdelpi-valderrobres.com\/de\/wp-json\/"}],"wp:attachment":[{"href":"https:\/\/masdelpi-valderrobres.com\/de\/wp-json\/wp\/v2\/media?parent=2924"}],"curies":[{"name":"wp","href":"https:\/\/api.w.org\/{rel}","templated":true}]}}