{"id":2946,"date":"2020-12-10T18:59:26","date_gmt":"2020-12-10T18:59:26","guid":{"rendered":"https:\/\/masdelpi-valderrobres.com\/contacte-con\/"},"modified":"2026-03-22T12:33:16","modified_gmt":"2026-03-22T12:33:16","slug":"contacto","status":"publish","type":"page","link":"https:\/\/masdelpi-valderrobres.com\/es\/contacto\/","title":{"rendered":"Contacto"},"content":{"rendered":"\t\t<div data-elementor-type=\"wp-page\" data-elementor-id=\"2946\" class=\"elementor elementor-2946 elementor-1285\" data-elementor-post-type=\"page\">\n\t\t\t\t\t\t<section class=\"elementor-section elementor-top-section elementor-element elementor-element-e35721c elementor-section-boxed elementor-section-height-default elementor-section-height-default\" data-id=\"e35721c\" data-element_type=\"section\" data-e-type=\"section\">\n\t\t\t\t\t\t<div class=\"elementor-container elementor-column-gap-default\">\n\t\t\t\t\t<div class=\"elementor-column elementor-col-50 elementor-top-column elementor-element elementor-element-7972ad8b\" data-id=\"7972ad8b\" data-element_type=\"column\" data-e-type=\"column\">\n\t\t\t<div class=\"elementor-widget-wrap elementor-element-populated\">\n\t\t\t\t\t\t<div class=\"elementor-element elementor-element-6f2e6d9 elementor-widget elementor-widget-heading\" data-id=\"6f2e6d9\" data-element_type=\"widget\" data-e-type=\"widget\" data-widget_type=\"heading.default\">\n\t\t\t\t<div class=\"elementor-widget-container\">\n\t\t\t\t\t<h2 class=\"elementor-heading-title elementor-size-default\">Cont\u00e1ctanos<\/h2>\t\t\t\t<\/div>\n\t\t\t\t<\/div>\n\t\t\t\t<div class=\"elementor-element elementor-element-27ee0c07 elementor-widget elementor-widget-text-editor\" data-id=\"27ee0c07\" data-element_type=\"widget\" data-e-type=\"widget\" data-widget_type=\"text-editor.default\">\n\t\t\t\t<div class=\"elementor-widget-container\">\n\t\t\t\t\t\t\t\t\t<p>\u00bfTiene alguna pregunta o desea reservar una habitaci\u00f3n? P\u00f3ngase en contacto con nosotros enviando un mensaje a trav\u00e9s del siguiente formulario de contacto, por correo electr\u00f3nico o Whatsapp. Para reservar, ind\u00edquenos las fechas y el tipo de habitaci\u00f3n que prefiere.<\/p>\t\t\t\t\t\t\t\t<\/div>\n\t\t\t\t<\/div>\n\t\t\t\t<div class=\"elementor-element elementor-element-72cff76 elementor-icon-list--layout-traditional elementor-list-item-link-full_width elementor-widget elementor-widget-icon-list\" data-id=\"72cff76\" data-element_type=\"widget\" data-e-type=\"widget\" data-widget_type=\"icon-list.default\">\n\t\t\t\t<div class=\"elementor-widget-container\">\n\t\t\t\t\t\t\t<ul class=\"elementor-icon-list-items\">\n\t\t\t\t\t\t\t<li class=\"elementor-icon-list-item\">\n\t\t\t\t\t\t\t\t\t\t\t<span class=\"elementor-icon-list-icon\">\n\t\t\t\t\t\t\t<i aria-hidden=\"true\" class=\"fas fa-map-marker-alt\"><\/i>\t\t\t\t\t\t<\/span>\n\t\t\t\t\t\t\t\t\t\t<span class=\"elementor-icon-list-text\">Calle los Santos, 0, 44580 Valderrobres<\/span>\n\t\t\t\t\t\t\t\t\t<\/li>\n\t\t\t\t\t\t\t\t<li class=\"elementor-icon-list-item\">\n\t\t\t\t\t\t\t\t\t\t\t<a href=\"mailto:info@masdelpi-valderrobres.com\">\n\n\t\t\t\t\t\t\t\t\t\t\t\t<span class=\"elementor-icon-list-icon\">\n\t\t\t\t\t\t\t<i aria-hidden=\"true\" class=\"fas fa-envelope\"><\/i>\t\t\t\t\t\t<\/span>\n\t\t\t\t\t\t\t\t\t\t<span class=\"elementor-icon-list-text\">Info@masdelpivalderrobres.com<\/span>\n\t\t\t\t\t\t\t\t\t\t\t<\/a>\n\t\t\t\t\t\t\t\t\t<\/li>\n\t\t\t\t\t\t<\/ul>\n\t\t\t\t\t\t<\/div>\n\t\t\t\t<\/div>\n\t\t\t\t<div class=\"elementor-element elementor-element-048457a elementor-button-align-start elementor-widget elementor-widget-form\" data-id=\"048457a\" data-element_type=\"widget\" data-e-type=\"widget\" data-settings=\"{&quot;step_next_label&quot;:&quot;Volgende&quot;,&quot;step_previous_label&quot;:&quot;Vorige&quot;,&quot;button_width&quot;:&quot;100&quot;,&quot;step_type&quot;:&quot;number_text&quot;,&quot;step_icon_shape&quot;:&quot;circle&quot;}\" data-widget_type=\"form.default\">\n\t\t\t\t<div class=\"elementor-widget-container\">\n\t\t\t\t\t\t\t<form class=\"elementor-form\" method=\"post\" name=\"Formulario de contacto\" aria-label=\"Formulario de contacto\">\n\t\t\t<input type=\"hidden\" name=\"post_id\" value=\"2946\"\/>\n\t\t\t<input type=\"hidden\" name=\"form_id\" value=\"048457a\"\/>\n\t\t\t<input type=\"hidden\" name=\"referer_title\" value=\"Mas Del Pi\" \/>\n\n\t\t\t\n\t\t\t<div class=\"elementor-form-fields-wrapper elementor-labels-\">\n\t\t\t\t\t\t\t\t<div class=\"elementor-field-type-text elementor-field-group elementor-column elementor-field-group-name elementor-col-100\">\n\t\t\t\t\t\t\t\t\t\t\t\t<label for=\"form-field-name\" class=\"elementor-field-label elementor-screen-only\">\n\t\t\t\t\t\t\t\tNombre\t\t\t\t\t\t\t<\/label>\n\t\t\t\t\t\t\t\t\t\t\t\t\t\t<input size=\"1\" type=\"text\" name=\"form_fields[name]\" id=\"form-field-name\" class=\"elementor-field elementor-size-md  elementor-field-textual\" placeholder=\"Nombre\">\n\t\t\t\t\t\t\t\t\t\t\t<\/div>\n\t\t\t\t\t\t\t\t<div class=\"elementor-field-type-email elementor-field-group elementor-column elementor-field-group-email elementor-col-100 elementor-field-required\">\n\t\t\t\t\t\t\t\t\t\t\t\t<label for=\"form-field-email\" class=\"elementor-field-label elementor-screen-only\">\n\t\t\t\t\t\t\t\tCorreo electr\u00f3nico\t\t\t\t\t\t\t<\/label>\n\t\t\t\t\t\t\t\t\t\t\t\t\t\t<input size=\"1\" type=\"email\" name=\"form_fields[email]\" id=\"form-field-email\" class=\"elementor-field elementor-size-md  elementor-field-textual\" placeholder=\"Correo electr\u00f3nico\" required=\"required\">\n\t\t\t\t\t\t\t\t\t\t\t<\/div>\n\t\t\t\t\t\t\t\t<div class=\"elementor-field-type-tel elementor-field-group elementor-column elementor-field-group-field_430e383 elementor-col-100\">\n\t\t\t\t\t\t\t\t\t\t\t\t<label for=\"form-field-field_430e383\" class=\"elementor-field-label elementor-screen-only\">\n\t\t\t\t\t\t\t\tN\u00famero de tel\u00e9fono\t\t\t\t\t\t\t<\/label>\n\t\t\t\t\t\t\t\t<input size=\"1\" type=\"tel\" name=\"form_fields[field_430e383]\" id=\"form-field-field_430e383\" class=\"elementor-field elementor-size-md  elementor-field-textual\" placeholder=\"N\u00famero de tel\u00e9fono\" pattern=\"[0-9()#&amp;+*-=.]+\" title=\"Solo se aceptan n\u00fameros y caracteres de tel\u00e9fono (#,-,*,etc).\">\n\n\t\t\t\t\t\t<\/div>\n\t\t\t\t\t\t\t\t<div class=\"elementor-field-type-textarea elementor-field-group elementor-column elementor-field-group-message elementor-col-100 elementor-field-required\">\n\t\t\t\t\t\t\t\t\t\t\t\t<label for=\"form-field-message\" class=\"elementor-field-label elementor-screen-only\">\n\t\t\t\t\t\t\t\tReacci\u00f3n del informe\t\t\t\t\t\t\t<\/label>\n\t\t\t\t\t\t<textarea class=\"elementor-field-textual elementor-field  elementor-size-md\" name=\"form_fields[message]\" id=\"form-field-message\" rows=\"4\" placeholder=\"Mensaje\" required=\"required\"><\/textarea>\t\t\t\t<\/div>\n\t\t\t\t\t\t\t\t<div class=\"elementor-field-type-recaptcha_v3 elementor-field-group elementor-column elementor-field-group-field_55177d8 elementor-col-100 recaptcha_v3-inline\">\n\t\t\t\t\t<div class=\"elementor-field\" id=\"form-field-field_55177d8\"><div class=\"elementor-g-recaptcha\" data-sitekey=\"6Lc3bdElAAAAAKlCVgkbGlatnzEJ2Ctru0ur8c0V\" data-type=\"v3\" data-action=\"Form\" data-badge=\"inline\" data-size=\"invisible\"><\/div><\/div>\t\t\t\t<\/div>\n\t\t\t\t\t\t\t\t<div class=\"elementor-field-group elementor-column elementor-field-type-submit elementor-col-100 e-form__buttons\">\n\t\t\t\t\t<button class=\"elementor-button elementor-size-md elementor-animation-float\" type=\"submit\">\n\t\t\t\t\t\t<span class=\"elementor-button-content-wrapper\">\n\t\t\t\t\t\t\t\t\t\t\t\t\t\t\t\t\t\t\t\t\t\t<span class=\"elementor-button-text\">Enviar<\/span>\n\t\t\t\t\t\t\t\t\t\t\t\t\t<\/span>\n\t\t\t\t\t<\/button>\n\t\t\t\t<\/div>\n\t\t\t<\/div>\n\t\t<\/form>\n\t\t\t\t\t\t<\/div>\n\t\t\t\t<\/div>\n\t\t\t\t\t<\/div>\n\t\t<\/div>\n\t\t\t\t<div class=\"elementor-column elementor-col-50 elementor-top-column elementor-element elementor-element-b9f917f\" data-id=\"b9f917f\" data-element_type=\"column\" data-e-type=\"column\">\n\t\t\t<div class=\"elementor-widget-wrap elementor-element-populated\">\n\t\t\t\t\t\t<div class=\"elementor-element elementor-element-f97a66e elementor-widget elementor-widget-google_maps\" data-id=\"f97a66e\" data-element_type=\"widget\" data-e-type=\"widget\" data-settings=\"{&quot;sticky&quot;:&quot;top&quot;,&quot;sticky_offset&quot;:&quot;120&quot;,&quot;sticky_parent&quot;:&quot;yes&quot;,&quot;sticky_on&quot;:[&quot;desktop&quot;,&quot;tablet&quot;,&quot;mobile_extra&quot;,&quot;mobile&quot;],&quot;sticky_effects_offset&quot;:0,&quot;sticky_anchor_link_offset&quot;:0}\" data-widget_type=\"google_maps.default\">\n\t\t\t\t<div class=\"elementor-widget-container\">\n\t\t\t\t\t\t\t<div class=\"elementor-custom-embed\">\n\t\t\t<iframe loading=\"lazy\"\n\t\t\t\t\tsrc=\"https:\/\/maps.google.com\/maps?q=Mas%20del%20Pi%20-%20Valderrobres&#038;t=m&#038;z=6&#038;output=embed&#038;iwloc=near\"\n\t\t\t\t\ttitle=\"Mas del Pi - Valderrobres\"\n\t\t\t\t\taria-label=\"Mas del Pi - Valderrobres\"\n\t\t\t><\/iframe>\n\t\t<\/div>\n\t\t\t\t\t\t<\/div>\n\t\t\t\t<\/div>\n\t\t\t\t\t<\/div>\n\t\t<\/div>\n\t\t\t\t\t<\/div>\n\t\t<\/section>\n\t\t\t\t<\/div>\n\t\t","protected":false},"excerpt":{"rendered":"<p>Cont\u00e1ctanos \u00bfTiene alguna pregunta o desea reservar una habitaci\u00f3n? P\u00f3ngase en contacto con nosotros enviando un mensaje a trav\u00e9s del siguiente formulario de contacto, por correo electr\u00f3nico o Whatsapp. Para reservar, ind\u00edquenos las fechas y el tipo de habitaci\u00f3n que prefiere. Calle los Santos, 0, 44580 Valderrobres Info@masdelpivalderrobres.com<\/p>\n","protected":false},"author":1,"featured_media":2893,"parent":0,"menu_order":0,"comment_status":"closed","ping_status":"closed","template":"","meta":{"footnotes":""},"class_list":["post-2946","page","type-page","status-publish","has-post-thumbnail","hentry"],"yoast_head":"<!-- This site is optimized with the Yoast SEO plugin v27.4 - https:\/\/yoast.com\/product\/yoast-seo-wordpress\/ -->\n<title>Contacto - Mas Del Pi<\/title>\n<meta name=\"robots\" content=\"index, follow, max-snippet:-1, max-image-preview:large, max-video-preview:-1\" \/>\n<link rel=\"canonical\" href=\"https:\/\/masdelpi-valderrobres.com\/es\/contacto\/\" \/>\n<meta property=\"og:locale\" content=\"es_ES\" \/>\n<meta property=\"og:type\" content=\"article\" \/>\n<meta property=\"og:title\" content=\"Contacto - Mas Del Pi\" \/>\n<meta property=\"og:description\" content=\"Cont\u00e1ctanos \u00bfTiene alguna pregunta o desea reservar una habitaci\u00f3n? P\u00f3ngase en contacto con nosotros enviando un mensaje a trav\u00e9s del siguiente formulario de contacto, por correo electr\u00f3nico o Whatsapp. Para reservar, ind\u00edquenos las fechas y el tipo de habitaci\u00f3n que prefiere. Calle los Santos, 0, 44580 Valderrobres Info@masdelpivalderrobres.com\" \/>\n<meta property=\"og:url\" content=\"https:\/\/masdelpi-valderrobres.com\/es\/contacto\/\" \/>\n<meta property=\"og:site_name\" content=\"Mas Del Pi\" \/>\n<meta property=\"article:modified_time\" content=\"2026-03-22T12:33:16+00:00\" \/>\n<meta property=\"og:image\" content=\"https:\/\/masdelpi-valderrobres.com\/wp-content\/uploads\/2023\/03\/Huis-1-77f05c5a03a438fd519610fa2f683cf1.jpeg\" \/>\n\t<meta property=\"og:image:width\" content=\"640\" \/>\n\t<meta property=\"og:image:height\" content=\"480\" \/>\n\t<meta property=\"og:image:type\" content=\"image\/jpeg\" \/>\n<meta name=\"twitter:card\" content=\"summary_large_image\" \/>\n<script type=\"application\/ld+json\" class=\"yoast-schema-graph\">{\"@context\":\"https:\\\/\\\/schema.org\",\"@graph\":[{\"@type\":\"WebPage\",\"@id\":\"https:\\\/\\\/masdelpi-valderrobres.com\\\/es\\\/contacto\\\/\",\"url\":\"https:\\\/\\\/masdelpi-valderrobres.com\\\/es\\\/contacto\\\/\",\"name\":\"Contacto - Mas Del Pi\",\"isPartOf\":{\"@id\":\"https:\\\/\\\/masdelpi-valderrobres.com\\\/es\\\/#website\"},\"primaryImageOfPage\":{\"@id\":\"https:\\\/\\\/masdelpi-valderrobres.com\\\/es\\\/contacto\\\/#primaryimage\"},\"image\":{\"@id\":\"https:\\\/\\\/masdelpi-valderrobres.com\\\/es\\\/contacto\\\/#primaryimage\"},\"thumbnailUrl\":\"https:\\\/\\\/masdelpi-valderrobres.com\\\/wp-content\\\/uploads\\\/2023\\\/03\\\/Huis-1-77f05c5a03a438fd519610fa2f683cf1.jpeg\",\"datePublished\":\"2020-12-10T18:59:26+00:00\",\"dateModified\":\"2026-03-22T12:33:16+00:00\",\"breadcrumb\":{\"@id\":\"https:\\\/\\\/masdelpi-valderrobres.com\\\/es\\\/contacto\\\/#breadcrumb\"},\"inLanguage\":\"es\",\"potentialAction\":[{\"@type\":\"ReadAction\",\"target\":[\"https:\\\/\\\/masdelpi-valderrobres.com\\\/es\\\/contacto\\\/\"]}]},{\"@type\":\"ImageObject\",\"inLanguage\":\"es\",\"@id\":\"https:\\\/\\\/masdelpi-valderrobres.com\\\/es\\\/contacto\\\/#primaryimage\",\"url\":\"https:\\\/\\\/masdelpi-valderrobres.com\\\/wp-content\\\/uploads\\\/2023\\\/03\\\/Huis-1-77f05c5a03a438fd519610fa2f683cf1.jpeg\",\"contentUrl\":\"https:\\\/\\\/masdelpi-valderrobres.com\\\/wp-content\\\/uploads\\\/2023\\\/03\\\/Huis-1-77f05c5a03a438fd519610fa2f683cf1.jpeg\",\"width\":640,\"height\":480,\"caption\":\"\"},{\"@type\":\"BreadcrumbList\",\"@id\":\"https:\\\/\\\/masdelpi-valderrobres.com\\\/es\\\/contacto\\\/#breadcrumb\",\"itemListElement\":[{\"@type\":\"ListItem\",\"position\":1,\"name\":\"Home\",\"item\":\"https:\\\/\\\/masdelpi-valderrobres.com\\\/es\\\/inicio\\\/\"},{\"@type\":\"ListItem\",\"position\":2,\"name\":\"Contacto\"}]},{\"@type\":\"WebSite\",\"@id\":\"https:\\\/\\\/masdelpi-valderrobres.com\\\/es\\\/#website\",\"url\":\"https:\\\/\\\/masdelpi-valderrobres.com\\\/es\\\/\",\"name\":\"Mas Del Pi\",\"description\":\"Valderrobres\",\"publisher\":{\"@id\":\"https:\\\/\\\/masdelpi-valderrobres.com\\\/es\\\/#organization\"},\"potentialAction\":[{\"@type\":\"SearchAction\",\"target\":{\"@type\":\"EntryPoint\",\"urlTemplate\":\"https:\\\/\\\/masdelpi-valderrobres.com\\\/es\\\/?s={search_term_string}\"},\"query-input\":{\"@type\":\"PropertyValueSpecification\",\"valueRequired\":true,\"valueName\":\"search_term_string\"}}],\"inLanguage\":\"es\"},{\"@type\":\"Organization\",\"@id\":\"https:\\\/\\\/masdelpi-valderrobres.com\\\/es\\\/#organization\",\"name\":\"Mas Del Pi\",\"url\":\"https:\\\/\\\/masdelpi-valderrobres.com\\\/es\\\/\",\"logo\":{\"@type\":\"ImageObject\",\"inLanguage\":\"es\",\"@id\":\"https:\\\/\\\/masdelpi-valderrobres.com\\\/es\\\/#\\\/schema\\\/logo\\\/image\\\/\",\"url\":\"https:\\\/\\\/masdelpi-valderrobres.com\\\/wp-content\\\/uploads\\\/2020\\\/10\\\/dasfghj.png\",\"contentUrl\":\"https:\\\/\\\/masdelpi-valderrobres.com\\\/wp-content\\\/uploads\\\/2020\\\/10\\\/dasfghj.png\",\"width\":517,\"height\":211,\"caption\":\"Mas Del Pi\"},\"image\":{\"@id\":\"https:\\\/\\\/masdelpi-valderrobres.com\\\/es\\\/#\\\/schema\\\/logo\\\/image\\\/\"}}]}<\/script>\n<!-- \/ Yoast SEO plugin. -->","yoast_head_json":{"title":"Contacto - Mas Del Pi","robots":{"index":"index","follow":"follow","max-snippet":"max-snippet:-1","max-image-preview":"max-image-preview:large","max-video-preview":"max-video-preview:-1"},"canonical":"https:\/\/masdelpi-valderrobres.com\/es\/contacto\/","og_locale":"es_ES","og_type":"article","og_title":"Contacto - Mas Del Pi","og_description":"Cont\u00e1ctanos \u00bfTiene alguna pregunta o desea reservar una habitaci\u00f3n? P\u00f3ngase en contacto con nosotros enviando un mensaje a trav\u00e9s del siguiente formulario de contacto, por correo electr\u00f3nico o Whatsapp. Para reservar, ind\u00edquenos las fechas y el tipo de habitaci\u00f3n que prefiere. Calle los Santos, 0, 44580 Valderrobres Info@masdelpivalderrobres.com","og_url":"https:\/\/masdelpi-valderrobres.com\/es\/contacto\/","og_site_name":"Mas Del Pi","article_modified_time":"2026-03-22T12:33:16+00:00","og_image":[{"width":640,"height":480,"url":"https:\/\/masdelpi-valderrobres.com\/wp-content\/uploads\/2023\/03\/Huis-1-77f05c5a03a438fd519610fa2f683cf1.jpeg","type":"image\/jpeg"}],"twitter_card":"summary_large_image","schema":{"@context":"https:\/\/schema.org","@graph":[{"@type":"WebPage","@id":"https:\/\/masdelpi-valderrobres.com\/es\/contacto\/","url":"https:\/\/masdelpi-valderrobres.com\/es\/contacto\/","name":"Contacto - Mas Del Pi","isPartOf":{"@id":"https:\/\/masdelpi-valderrobres.com\/es\/#website"},"primaryImageOfPage":{"@id":"https:\/\/masdelpi-valderrobres.com\/es\/contacto\/#primaryimage"},"image":{"@id":"https:\/\/masdelpi-valderrobres.com\/es\/contacto\/#primaryimage"},"thumbnailUrl":"https:\/\/masdelpi-valderrobres.com\/wp-content\/uploads\/2023\/03\/Huis-1-77f05c5a03a438fd519610fa2f683cf1.jpeg","datePublished":"2020-12-10T18:59:26+00:00","dateModified":"2026-03-22T12:33:16+00:00","breadcrumb":{"@id":"https:\/\/masdelpi-valderrobres.com\/es\/contacto\/#breadcrumb"},"inLanguage":"es","potentialAction":[{"@type":"ReadAction","target":["https:\/\/masdelpi-valderrobres.com\/es\/contacto\/"]}]},{"@type":"ImageObject","inLanguage":"es","@id":"https:\/\/masdelpi-valderrobres.com\/es\/contacto\/#primaryimage","url":"https:\/\/masdelpi-valderrobres.com\/wp-content\/uploads\/2023\/03\/Huis-1-77f05c5a03a438fd519610fa2f683cf1.jpeg","contentUrl":"https:\/\/masdelpi-valderrobres.com\/wp-content\/uploads\/2023\/03\/Huis-1-77f05c5a03a438fd519610fa2f683cf1.jpeg","width":640,"height":480,"caption":""},{"@type":"BreadcrumbList","@id":"https:\/\/masdelpi-valderrobres.com\/es\/contacto\/#breadcrumb","itemListElement":[{"@type":"ListItem","position":1,"name":"Home","item":"https:\/\/masdelpi-valderrobres.com\/es\/inicio\/"},{"@type":"ListItem","position":2,"name":"Contacto"}]},{"@type":"WebSite","@id":"https:\/\/masdelpi-valderrobres.com\/es\/#website","url":"https:\/\/masdelpi-valderrobres.com\/es\/","name":"Mas Del Pi","description":"Valderrobres","publisher":{"@id":"https:\/\/masdelpi-valderrobres.com\/es\/#organization"},"potentialAction":[{"@type":"SearchAction","target":{"@type":"EntryPoint","urlTemplate":"https:\/\/masdelpi-valderrobres.com\/es\/?s={search_term_string}"},"query-input":{"@type":"PropertyValueSpecification","valueRequired":true,"valueName":"search_term_string"}}],"inLanguage":"es"},{"@type":"Organization","@id":"https:\/\/masdelpi-valderrobres.com\/es\/#organization","name":"Mas Del Pi","url":"https:\/\/masdelpi-valderrobres.com\/es\/","logo":{"@type":"ImageObject","inLanguage":"es","@id":"https:\/\/masdelpi-valderrobres.com\/es\/#\/schema\/logo\/image\/","url":"https:\/\/masdelpi-valderrobres.com\/wp-content\/uploads\/2020\/10\/dasfghj.png","contentUrl":"https:\/\/masdelpi-valderrobres.com\/wp-content\/uploads\/2020\/10\/dasfghj.png","width":517,"height":211,"caption":"Mas Del Pi"},"image":{"@id":"https:\/\/masdelpi-valderrobres.com\/es\/#\/schema\/logo\/image\/"}}]}},"_links":{"self":[{"href":"https:\/\/masdelpi-valderrobres.com\/es\/wp-json\/wp\/v2\/pages\/2946","targetHints":{"allow":["GET"]}}],"collection":[{"href":"https:\/\/masdelpi-valderrobres.com\/es\/wp-json\/wp\/v2\/pages"}],"about":[{"href":"https:\/\/masdelpi-valderrobres.com\/es\/wp-json\/wp\/v2\/types\/page"}],"author":[{"embeddable":true,"href":"https:\/\/masdelpi-valderrobres.com\/es\/wp-json\/wp\/v2\/users\/1"}],"replies":[{"embeddable":true,"href":"https:\/\/masdelpi-valderrobres.com\/es\/wp-json\/wp\/v2\/comments?post=2946"}],"version-history":[{"count":25,"href":"https:\/\/masdelpi-valderrobres.com\/es\/wp-json\/wp\/v2\/pages\/2946\/revisions"}],"predecessor-version":[{"id":4335,"href":"https:\/\/masdelpi-valderrobres.com\/es\/wp-json\/wp\/v2\/pages\/2946\/revisions\/4335"}],"wp:featuredmedia":[{"embeddable":true,"href":"https:\/\/masdelpi-valderrobres.com\/es\/wp-json\/wp\/v2\/media\/2893"}],"wp:attachment":[{"href":"https:\/\/masdelpi-valderrobres.com\/es\/wp-json\/wp\/v2\/media?parent=2946"}],"curies":[{"name":"wp","href":"https:\/\/api.w.org\/{rel}","templated":true}]}}