{"id":2977,"date":"2023-03-16T14:56:31","date_gmt":"2023-03-16T14:56:31","guid":{"rendered":"https:\/\/masdelpi-valderrobres.com\/zone-environnante\/"},"modified":"2024-06-18T08:45:33","modified_gmt":"2024-06-18T08:45:33","slug":"zone-environnante","status":"publish","type":"page","link":"https:\/\/masdelpi-valderrobres.com\/fr\/zone-environnante\/","title":{"rendered":"Zone environnante"},"content":{"rendered":"\t\t<div data-elementor-type=\"wp-page\" data-elementor-id=\"2977\" class=\"elementor elementor-2977 elementor-2115\" data-elementor-post-type=\"page\">\n\t\t\t\t\t\t<section class=\"elementor-section elementor-top-section elementor-element elementor-element-55e3ad1 elementor-section-boxed elementor-section-height-default elementor-section-height-default\" data-id=\"55e3ad1\" data-element_type=\"section\" data-e-type=\"section\">\n\t\t\t\t\t\t<div class=\"elementor-container elementor-column-gap-default\">\n\t\t\t\t\t<div class=\"elementor-column elementor-col-100 elementor-top-column elementor-element elementor-element-ab6a81b\" data-id=\"ab6a81b\" data-element_type=\"column\" data-e-type=\"column\">\n\t\t\t<div class=\"elementor-widget-wrap elementor-element-populated\">\n\t\t\t\t\t\t<div class=\"elementor-element elementor-element-6c35dda elementor-widget elementor-widget-heading\" data-id=\"6c35dda\" data-element_type=\"widget\" data-e-type=\"widget\" data-widget_type=\"heading.default\">\n\t\t\t\t<div class=\"elementor-widget-container\">\n\t\t\t\t\t<h2 class=\"elementor-heading-title elementor-size-default\">Zone environnante<\/h2>\t\t\t\t<\/div>\n\t\t\t\t<\/div>\n\t\t\t\t<div class=\"elementor-element elementor-element-395e1f6 elementor-widget elementor-widget-text-editor\" data-id=\"395e1f6\" data-element_type=\"widget\" data-e-type=\"widget\" data-widget_type=\"text-editor.default\">\n\t\t\t\t<div class=\"elementor-widget-container\">\n\t\t\t\t\t\t\t\t\t<p><strong>Calme, beau et impressionnant<br \/><\/strong>La r\u00e9gion de Matarra\u00f1a, avec ses belles collines vertes et ses montagnes au sud-est de la r\u00e9gion d&rsquo;Aragon, o\u00f9 se trouve Mas del Pi, est de plus en plus populaire. Cependant, il n&rsquo;y a pas encore de tourisme de masse. Cette r\u00e9gion est souvent appel\u00e9e la \u00ab\u00a0Toscane espagnole\u00a0\u00bb, ce qui est tout \u00e0 fait compr\u00e9hensible si l&rsquo;on consid\u00e8re sa beaut\u00e9.  <\/p>\n<p>\u00c0 Valderrobres, vous trouverez des restaurants, des supermarch\u00e9s, des boulangeries et bien plus encore. La r\u00e9gion offre \u00e9galement plusieurs possibilit\u00e9s de se rafra\u00eechir par temps chaud : un grand lac avec des plages, des rivi\u00e8res et de nombreuses piscines naturelles. Le Mas del Pi se trouve \u00e0 proximit\u00e9 du parc naturel \u00ab\u00a0Els Ports\u00a0\u00bb. Ce parc est id\u00e9al pour la randonn\u00e9e et le v\u00e9lo de montagne.<\/p>\n<p>De nombreuses activit\u00e9s sont propos\u00e9es \u00e0 proximit\u00e9. Quelques sites incontournables \u00e0 moins d&rsquo;une demi-heure de route sont \u00e0 d\u00e9couvrir :<\/p>\n\t\t\t\t\t\t\t\t<\/div>\n\t\t\t\t<\/div>\n\t\t\t\t<section class=\"elementor-section elementor-inner-section elementor-element elementor-element-56c4d34 elementor-section-boxed elementor-section-height-default elementor-section-height-default\" data-id=\"56c4d34\" data-element_type=\"section\" data-e-type=\"section\" data-settings=\"{&quot;background_background&quot;:&quot;classic&quot;}\">\n\t\t\t\t\t\t<div class=\"elementor-container elementor-column-gap-default\">\n\t\t\t\t\t<div class=\"elementor-column elementor-col-33 elementor-inner-column elementor-element elementor-element-39cd422\" data-id=\"39cd422\" data-element_type=\"column\" data-e-type=\"column\">\n\t\t\t<div class=\"elementor-widget-wrap elementor-element-populated\">\n\t\t\t\t\t\t<div class=\"elementor-element elementor-element-9039a10 elementor-icon-list--layout-traditional elementor-list-item-link-full_width elementor-widget elementor-widget-icon-list\" data-id=\"9039a10\" data-element_type=\"widget\" data-e-type=\"widget\" data-widget_type=\"icon-list.default\">\n\t\t\t\t<div class=\"elementor-widget-container\">\n\t\t\t\t\t\t\t<ul class=\"elementor-icon-list-items\">\n\t\t\t\t\t\t\t<li class=\"elementor-icon-list-item\">\n\t\t\t\t\t\t\t\t\t\t\t<span class=\"elementor-icon-list-icon\">\n\t\t\t\t\t\t\t<i aria-hidden=\"true\" class=\"fas fa-check\"><\/i>\t\t\t\t\t\t<\/span>\n\t\t\t\t\t\t\t\t\t\t<span class=\"elementor-icon-list-text\">Valderrobres (15 minutes)<\/span>\n\t\t\t\t\t\t\t\t\t<\/li>\n\t\t\t\t\t\t<\/ul>\n\t\t\t\t\t\t<\/div>\n\t\t\t\t<\/div>\n\t\t\t\t<div class=\"elementor-element elementor-element-f6ce8e6 elementor-widget elementor-widget-text-editor\" data-id=\"f6ce8e6\" data-element_type=\"widget\" data-e-type=\"widget\" data-widget_type=\"text-editor.default\">\n\t\t\t\t<div class=\"elementor-widget-container\">\n\t\t\t\t\t\t\t\t\t<p>Un village m\u00e9di\u00e9val avec un statut monumental. Vous entrez dans Valderrobres par le pont m\u00e9di\u00e9val San Roque. Les rues sinueuses permettent d&rsquo;acc\u00e9der au ch\u00e2teau du XIVe si\u00e8cle et \u00e0 l&rsquo;\u00e9glise Santa Mar\u00eda Mayor. Le village compte plusieurs restaurants avec terrasse.<\/p>\n\t\t\t\t\t\t\t\t<\/div>\n\t\t\t\t<\/div>\n\t\t\t\t<div class=\"elementor-element elementor-element-9efe8c1 elementor-icon-list--layout-traditional elementor-list-item-link-full_width elementor-widget elementor-widget-icon-list\" data-id=\"9efe8c1\" data-element_type=\"widget\" data-e-type=\"widget\" data-widget_type=\"icon-list.default\">\n\t\t\t\t<div class=\"elementor-widget-container\">\n\t\t\t\t\t\t\t<ul class=\"elementor-icon-list-items\">\n\t\t\t\t\t\t\t<li class=\"elementor-icon-list-item\">\n\t\t\t\t\t\t\t\t\t\t\t<span class=\"elementor-icon-list-icon\">\n\t\t\t\t\t\t\t<i aria-hidden=\"true\" class=\"fas fa-check\"><\/i>\t\t\t\t\t\t<\/span>\n\t\t\t\t\t\t\t\t\t\t<span class=\"elementor-icon-list-text\">B\u00e9c\u00e9ite (20 minutes)<\/span>\n\t\t\t\t\t\t\t\t\t<\/li>\n\t\t\t\t\t\t<\/ul>\n\t\t\t\t\t\t<\/div>\n\t\t\t\t<\/div>\n\t\t\t\t<div class=\"elementor-element elementor-element-58bc218 elementor-widget elementor-widget-text-editor\" data-id=\"58bc218\" data-element_type=\"widget\" data-e-type=\"widget\" data-widget_type=\"text-editor.default\">\n\t\t\t\t<div class=\"elementor-widget-container\">\n\t\t\t\t\t\t\t\t\t<p>Beceite est un village qui compte plusieurs restaurants. Pr\u00e8s de Beceite, il y a des piscines naturelles. Il se trouve \u00e0 la limite de la r\u00e9serve naturelle des \u00ab\u00a0Puertos de Beceite\u00a0\u00bb.<\/p>\n\t\t\t\t\t\t\t\t<\/div>\n\t\t\t\t<\/div>\n\t\t\t\t<div class=\"elementor-element elementor-element-69a01ed elementor-icon-list--layout-traditional elementor-list-item-link-full_width elementor-widget elementor-widget-icon-list\" data-id=\"69a01ed\" data-element_type=\"widget\" data-e-type=\"widget\" data-widget_type=\"icon-list.default\">\n\t\t\t\t<div class=\"elementor-widget-container\">\n\t\t\t\t\t\t\t<ul class=\"elementor-icon-list-items\">\n\t\t\t\t\t\t\t<li class=\"elementor-icon-list-item\">\n\t\t\t\t\t\t\t\t\t\t\t<span class=\"elementor-icon-list-icon\">\n\t\t\t\t\t\t\t<i aria-hidden=\"true\" class=\"fas fa-check\"><\/i>\t\t\t\t\t\t<\/span>\n\t\t\t\t\t\t\t\t\t\t<span class=\"elementor-icon-list-text\">El Azud (25 minutes)<\/span>\n\t\t\t\t\t\t\t\t\t<\/li>\n\t\t\t\t\t\t<\/ul>\n\t\t\t\t\t\t<\/div>\n\t\t\t\t<\/div>\n\t\t\t\t<div class=\"elementor-element elementor-element-2bf5e63 elementor-widget elementor-widget-text-editor\" data-id=\"2bf5e63\" data-element_type=\"widget\" data-e-type=\"widget\" data-widget_type=\"text-editor.default\">\n\t\t\t\t<div class=\"elementor-widget-container\">\n\t\t\t\t\t\t\t\t\t<p>Piscine naturelle pr\u00e8s de Beceite.<\/p>\n\t\t\t\t\t\t\t\t<\/div>\n\t\t\t\t<\/div>\n\t\t\t\t\t<\/div>\n\t\t<\/div>\n\t\t\t\t<div class=\"elementor-column elementor-col-33 elementor-inner-column elementor-element elementor-element-eaf4b25\" data-id=\"eaf4b25\" data-element_type=\"column\" data-e-type=\"column\">\n\t\t\t<div class=\"elementor-widget-wrap elementor-element-populated\">\n\t\t\t\t\t\t<div class=\"elementor-element elementor-element-78e5122 elementor-icon-list--layout-traditional elementor-list-item-link-full_width elementor-widget elementor-widget-icon-list\" data-id=\"78e5122\" data-element_type=\"widget\" data-e-type=\"widget\" data-widget_type=\"icon-list.default\">\n\t\t\t\t<div class=\"elementor-widget-container\">\n\t\t\t\t\t\t\t<ul class=\"elementor-icon-list-items\">\n\t\t\t\t\t\t\t<li class=\"elementor-icon-list-item\">\n\t\t\t\t\t\t\t\t\t\t\t<span class=\"elementor-icon-list-icon\">\n\t\t\t\t\t\t\t<i aria-hidden=\"true\" class=\"fas fa-check\"><\/i>\t\t\t\t\t\t<\/span>\n\t\t\t\t\t\t\t\t\t\t<span class=\"elementor-icon-list-text\">El Parrizal (30 minutes)<\/span>\n\t\t\t\t\t\t\t\t\t<\/li>\n\t\t\t\t\t\t<\/ul>\n\t\t\t\t\t\t<\/div>\n\t\t\t\t<\/div>\n\t\t\t\t<div class=\"elementor-element elementor-element-4b4db9b elementor-widget elementor-widget-text-editor\" data-id=\"4b4db9b\" data-element_type=\"widget\" data-e-type=\"widget\" data-widget_type=\"text-editor.default\">\n\t\t\t\t<div class=\"elementor-widget-container\">\n\t\t\t\t\t\t\t\t\t<p>Une randonn\u00e9e spectaculaire d&rsquo;environ 3 heures (aller-retour) le long de la rivi\u00e8re Matarra\u00f1a sur des ponts en bois.<\/p>\n\t\t\t\t\t\t\t\t<\/div>\n\t\t\t\t<\/div>\n\t\t\t\t<div class=\"elementor-element elementor-element-53ee78c elementor-icon-list--layout-traditional elementor-list-item-link-full_width elementor-widget elementor-widget-icon-list\" data-id=\"53ee78c\" data-element_type=\"widget\" data-e-type=\"widget\" data-widget_type=\"icon-list.default\">\n\t\t\t\t<div class=\"elementor-widget-container\">\n\t\t\t\t\t\t\t<ul class=\"elementor-icon-list-items\">\n\t\t\t\t\t\t\t<li class=\"elementor-icon-list-item\">\n\t\t\t\t\t\t\t\t\t\t\t<span class=\"elementor-icon-list-icon\">\n\t\t\t\t\t\t\t<i aria-hidden=\"true\" class=\"fas fa-check\"><\/i>\t\t\t\t\t\t<\/span>\n\t\t\t\t\t\t\t\t\t\t<span class=\"elementor-icon-list-text\">Lac \"Embalse de Pena\" (30 minutes)<\/span>\n\t\t\t\t\t\t\t\t\t<\/li>\n\t\t\t\t\t\t<\/ul>\n\t\t\t\t\t\t<\/div>\n\t\t\t\t<\/div>\n\t\t\t\t<div class=\"elementor-element elementor-element-cbb1d5a elementor-widget elementor-widget-text-editor\" data-id=\"cbb1d5a\" data-element_type=\"widget\" data-e-type=\"widget\" data-widget_type=\"text-editor.default\">\n\t\t\t\t<div class=\"elementor-widget-container\">\n\t\t\t\t\t\t\t\t\t<p>Un grand lac avec des plages et des tables de pique-nique sous les arbres. Vous pouvez \u00e9galement y pratiquer des sports nautiques comme la plong\u00e9e et le cano\u00eb-kayak.<\/p>\n\t\t\t\t\t\t\t\t<\/div>\n\t\t\t\t<\/div>\n\t\t\t\t<div class=\"elementor-element elementor-element-0d3a572 elementor-icon-list--layout-traditional elementor-list-item-link-full_width elementor-widget elementor-widget-icon-list\" data-id=\"0d3a572\" data-element_type=\"widget\" data-e-type=\"widget\" data-widget_type=\"icon-list.default\">\n\t\t\t\t<div class=\"elementor-widget-container\">\n\t\t\t\t\t\t\t<ul class=\"elementor-icon-list-items\">\n\t\t\t\t\t\t\t<li class=\"elementor-icon-list-item\">\n\t\t\t\t\t\t\t\t\t\t\t<span class=\"elementor-icon-list-icon\">\n\t\t\t\t\t\t\t<i aria-hidden=\"true\" class=\"fas fa-check\"><\/i>\t\t\t\t\t\t<\/span>\n\t\t\t\t\t\t\t\t\t\t<span class=\"elementor-icon-list-text\">Parc naturel \"Els Ports\" (25 minutes)<\/span>\n\t\t\t\t\t\t\t\t\t<\/li>\n\t\t\t\t\t\t<\/ul>\n\t\t\t\t\t\t<\/div>\n\t\t\t\t<\/div>\n\t\t\t\t<div class=\"elementor-element elementor-element-7b13777 elementor-widget elementor-widget-text-editor\" data-id=\"7b13777\" data-element_type=\"widget\" data-e-type=\"widget\" data-widget_type=\"text-editor.default\">\n\t\t\t\t<div class=\"elementor-widget-container\">\n\t\t\t\t\t\t\t\t\t<p>Formations rocheuses typiques, canyons, grottes et rivi\u00e8res avec cascades. Des sentiers de randonn\u00e9e et de VTT ont \u00e9t\u00e9 am\u00e9nag\u00e9s.<\/p>\n\t\t\t\t\t\t\t\t<\/div>\n\t\t\t\t<\/div>\n\t\t\t\t\t<\/div>\n\t\t<\/div>\n\t\t\t\t<div class=\"elementor-column elementor-col-33 elementor-inner-column elementor-element elementor-element-7cf0913\" data-id=\"7cf0913\" data-element_type=\"column\" data-e-type=\"column\">\n\t\t\t<div class=\"elementor-widget-wrap elementor-element-populated\">\n\t\t\t\t\t\t<div class=\"elementor-element elementor-element-aaf88ba elementor-icon-list--layout-traditional elementor-list-item-link-full_width elementor-widget elementor-widget-icon-list\" data-id=\"aaf88ba\" data-element_type=\"widget\" data-e-type=\"widget\" data-widget_type=\"icon-list.default\">\n\t\t\t\t<div class=\"elementor-widget-container\">\n\t\t\t\t\t\t\t<ul class=\"elementor-icon-list-items\">\n\t\t\t\t\t\t\t<li class=\"elementor-icon-list-item\">\n\t\t\t\t\t\t\t\t\t\t\t<span class=\"elementor-icon-list-icon\">\n\t\t\t\t\t\t\t<i aria-hidden=\"true\" class=\"fas fa-check\"><\/i>\t\t\t\t\t\t<\/span>\n\t\t\t\t\t\t\t\t\t\t<span class=\"elementor-icon-list-text\">Vignoble \u00e9cologique \"Venta d'Aubert\" (25 minutes)<\/span>\n\t\t\t\t\t\t\t\t\t<\/li>\n\t\t\t\t\t\t<\/ul>\n\t\t\t\t\t\t<\/div>\n\t\t\t\t<\/div>\n\t\t\t\t<div class=\"elementor-element elementor-element-273d33e elementor-widget elementor-widget-text-editor\" data-id=\"273d33e\" data-element_type=\"widget\" data-e-type=\"widget\" data-widget_type=\"text-editor.default\">\n\t\t\t\t<div class=\"elementor-widget-container\">\n\t\t\t\t\t\t\t\t\t<p>  Un vignoble avec des visites de vignobles et des d\u00e9gustations de vins.<\/p>\n\t\t\t\t\t\t\t\t<\/div>\n\t\t\t\t<\/div>\n\t\t\t\t<div class=\"elementor-element elementor-element-ad7cca4 elementor-icon-list--layout-traditional elementor-list-item-link-full_width elementor-widget elementor-widget-icon-list\" data-id=\"ad7cca4\" data-element_type=\"widget\" data-e-type=\"widget\" data-widget_type=\"icon-list.default\">\n\t\t\t\t<div class=\"elementor-widget-container\">\n\t\t\t\t\t\t\t<ul class=\"elementor-icon-list-items\">\n\t\t\t\t\t\t\t<li class=\"elementor-icon-list-item\">\n\t\t\t\t\t\t\t\t\t\t\t<span class=\"elementor-icon-list-icon\">\n\t\t\t\t\t\t\t<i aria-hidden=\"true\" class=\"fas fa-check\"><\/i>\t\t\t\t\t\t<\/span>\n\t\t\t\t\t\t\t\t\t\t<span class=\"elementor-icon-list-text\">\u00c9quitation (10 minutes)<\/span>\n\t\t\t\t\t\t\t\t\t<\/li>\n\t\t\t\t\t\t<\/ul>\n\t\t\t\t\t\t<\/div>\n\t\t\t\t<\/div>\n\t\t\t\t<div class=\"elementor-element elementor-element-3030397 elementor-widget elementor-widget-text-editor\" data-id=\"3030397\" data-element_type=\"widget\" data-e-type=\"widget\" data-widget_type=\"text-editor.default\">\n\t\t\t\t<div class=\"elementor-widget-container\">\n\t\t\t\t\t\t\t\t\t<p>Faites de l&rsquo;\u00e9quitation dans la zone rurale qui entoure le Mas del Pi<\/p>\n\t\t\t\t\t\t\t\t<\/div>\n\t\t\t\t<\/div>\n\t\t\t\t<div class=\"elementor-element elementor-element-a1a6ec7 elementor-icon-list--layout-traditional elementor-list-item-link-full_width elementor-widget elementor-widget-icon-list\" data-id=\"a1a6ec7\" data-element_type=\"widget\" data-e-type=\"widget\" data-widget_type=\"icon-list.default\">\n\t\t\t\t<div class=\"elementor-widget-container\">\n\t\t\t\t\t\t\t<ul class=\"elementor-icon-list-items\">\n\t\t\t\t\t\t\t<li class=\"elementor-icon-list-item\">\n\t\t\t\t\t\t\t\t\t\t\t<span class=\"elementor-icon-list-icon\">\n\t\t\t\t\t\t\t<i aria-hidden=\"true\" class=\"fas fa-check\"><\/i>\t\t\t\t\t\t<\/span>\n\t\t\t\t\t\t\t\t\t\t<span class=\"elementor-icon-list-text\">Via Verde\" (30 minutes)<\/span>\n\t\t\t\t\t\t\t\t\t<\/li>\n\t\t\t\t\t\t<\/ul>\n\t\t\t\t\t\t<\/div>\n\t\t\t\t<\/div>\n\t\t\t\t<div class=\"elementor-element elementor-element-7e29efd elementor-widget elementor-widget-text-editor\" data-id=\"7e29efd\" data-element_type=\"widget\" data-e-type=\"widget\" data-widget_type=\"text-editor.default\">\n\t\t\t\t<div class=\"elementor-widget-container\">\n\t\t\t\t\t\t\t\t\t<p>D&rsquo;anciennes voies ferr\u00e9es transform\u00e9es en pistes cyclables et sentiers de randonn\u00e9e. Il existe deux itin\u00e9raires \u00e0 proximit\u00e9 du Mas del Pi : Val de Zafan Mattara\u00f1a : 33,6 km de l&rsquo;Estacion de Valdealgorfa \u00e0 l&rsquo;Estacion Arnes\/Lled\u00f3 et Val de Zafan Terra Alta : 23,4 km de l&rsquo;Esctacion Arnes\/Lled\u00f3 \u00e0 Pinell de Brai.<\/p>\n\t\t\t\t\t\t\t\t<\/div>\n\t\t\t\t<\/div>\n\t\t\t\t\t<\/div>\n\t\t<\/div>\n\t\t\t\t\t<\/div>\n\t\t<\/section>\n\t\t\t\t\t<\/div>\n\t\t<\/div>\n\t\t\t\t\t<\/div>\n\t\t<\/section>\n\t\t\t\t<\/div>\n\t\t","protected":false},"excerpt":{"rendered":"<p>Zone environnante Calme, beau et impressionnantLa r\u00e9gion de Matarra\u00f1a, avec ses belles collines vertes et ses montagnes au sud-est de la r\u00e9gion d&rsquo;Aragon, o\u00f9 se trouve Mas del Pi, est de plus en plus populaire. Cependant, il n&rsquo;y a pas encore de tourisme de masse. Cette r\u00e9gion est souvent appel\u00e9e la \u00ab\u00a0Toscane espagnole\u00a0\u00bb, ce qui [&hellip;]<\/p>\n","protected":false},"author":1,"featured_media":1981,"parent":0,"menu_order":0,"comment_status":"closed","ping_status":"closed","template":"","meta":{"footnotes":""},"class_list":["post-2977","page","type-page","status-publish","has-post-thumbnail","hentry"],"yoast_head":"<!-- This site is optimized with the Yoast SEO plugin v27.4 - https:\/\/yoast.com\/product\/yoast-seo-wordpress\/ -->\n<title>Zone environnante - Mas Del Pi<\/title>\n<meta name=\"robots\" content=\"index, follow, max-snippet:-1, max-image-preview:large, max-video-preview:-1\" \/>\n<link rel=\"canonical\" href=\"https:\/\/masdelpi-valderrobres.com\/fr\/zone-environnante\/\" \/>\n<meta property=\"og:locale\" content=\"fr_FR\" \/>\n<meta property=\"og:type\" content=\"article\" \/>\n<meta property=\"og:title\" content=\"Zone environnante - Mas Del Pi\" \/>\n<meta property=\"og:description\" content=\"Zone environnante Calme, beau et impressionnantLa r\u00e9gion de Matarra\u00f1a, avec ses belles collines vertes et ses montagnes au sud-est de la r\u00e9gion d&rsquo;Aragon, o\u00f9 se trouve Mas del Pi, est de plus en plus populaire. Cependant, il n&rsquo;y a pas encore de tourisme de masse. Cette r\u00e9gion est souvent appel\u00e9e la \u00ab\u00a0Toscane espagnole\u00a0\u00bb, ce qui [&hellip;]\" \/>\n<meta property=\"og:url\" content=\"https:\/\/masdelpi-valderrobres.com\/fr\/zone-environnante\/\" \/>\n<meta property=\"og:site_name\" content=\"Mas Del Pi\" \/>\n<meta property=\"article:modified_time\" content=\"2024-06-18T08:45:33+00:00\" \/>\n<meta name=\"twitter:card\" content=\"summary_large_image\" \/>\n<script type=\"application\/ld+json\" class=\"yoast-schema-graph\">{\"@context\":\"https:\\\/\\\/schema.org\",\"@graph\":[{\"@type\":\"WebPage\",\"@id\":\"https:\\\/\\\/masdelpi-valderrobres.com\\\/fr\\\/zone-environnante\\\/\",\"url\":\"https:\\\/\\\/masdelpi-valderrobres.com\\\/fr\\\/zone-environnante\\\/\",\"name\":\"Zone environnante - Mas Del Pi\",\"isPartOf\":{\"@id\":\"https:\\\/\\\/masdelpi-valderrobres.com\\\/fr\\\/#website\"},\"primaryImageOfPage\":{\"@id\":\"https:\\\/\\\/masdelpi-valderrobres.com\\\/fr\\\/zone-environnante\\\/#primaryimage\"},\"image\":{\"@id\":\"https:\\\/\\\/masdelpi-valderrobres.com\\\/fr\\\/zone-environnante\\\/#primaryimage\"},\"thumbnailUrl\":\"\",\"datePublished\":\"2023-03-16T14:56:31+00:00\",\"dateModified\":\"2024-06-18T08:45:33+00:00\",\"breadcrumb\":{\"@id\":\"https:\\\/\\\/masdelpi-valderrobres.com\\\/fr\\\/zone-environnante\\\/#breadcrumb\"},\"inLanguage\":\"fr-FR\",\"potentialAction\":[{\"@type\":\"ReadAction\",\"target\":[\"https:\\\/\\\/masdelpi-valderrobres.com\\\/fr\\\/zone-environnante\\\/\"]}]},{\"@type\":\"ImageObject\",\"inLanguage\":\"fr-FR\",\"@id\":\"https:\\\/\\\/masdelpi-valderrobres.com\\\/fr\\\/zone-environnante\\\/#primaryimage\",\"url\":\"\",\"contentUrl\":\"\"},{\"@type\":\"BreadcrumbList\",\"@id\":\"https:\\\/\\\/masdelpi-valderrobres.com\\\/fr\\\/zone-environnante\\\/#breadcrumb\",\"itemListElement\":[{\"@type\":\"ListItem\",\"position\":1,\"name\":\"Home\",\"item\":\"https:\\\/\\\/masdelpi-valderrobres.com\\\/fr\\\/accueil\\\/\"},{\"@type\":\"ListItem\",\"position\":2,\"name\":\"Zone environnante\"}]},{\"@type\":\"WebSite\",\"@id\":\"https:\\\/\\\/masdelpi-valderrobres.com\\\/fr\\\/#website\",\"url\":\"https:\\\/\\\/masdelpi-valderrobres.com\\\/fr\\\/\",\"name\":\"Mas Del Pi\",\"description\":\"Valderrobres\",\"publisher\":{\"@id\":\"https:\\\/\\\/masdelpi-valderrobres.com\\\/fr\\\/#organization\"},\"potentialAction\":[{\"@type\":\"SearchAction\",\"target\":{\"@type\":\"EntryPoint\",\"urlTemplate\":\"https:\\\/\\\/masdelpi-valderrobres.com\\\/fr\\\/?s={search_term_string}\"},\"query-input\":{\"@type\":\"PropertyValueSpecification\",\"valueRequired\":true,\"valueName\":\"search_term_string\"}}],\"inLanguage\":\"fr-FR\"},{\"@type\":\"Organization\",\"@id\":\"https:\\\/\\\/masdelpi-valderrobres.com\\\/fr\\\/#organization\",\"name\":\"Mas Del Pi\",\"url\":\"https:\\\/\\\/masdelpi-valderrobres.com\\\/fr\\\/\",\"logo\":{\"@type\":\"ImageObject\",\"inLanguage\":\"fr-FR\",\"@id\":\"https:\\\/\\\/masdelpi-valderrobres.com\\\/fr\\\/#\\\/schema\\\/logo\\\/image\\\/\",\"url\":\"https:\\\/\\\/masdelpi-valderrobres.com\\\/wp-content\\\/uploads\\\/2020\\\/10\\\/dasfghj.png\",\"contentUrl\":\"https:\\\/\\\/masdelpi-valderrobres.com\\\/wp-content\\\/uploads\\\/2020\\\/10\\\/dasfghj.png\",\"width\":517,\"height\":211,\"caption\":\"Mas Del Pi\"},\"image\":{\"@id\":\"https:\\\/\\\/masdelpi-valderrobres.com\\\/fr\\\/#\\\/schema\\\/logo\\\/image\\\/\"}}]}<\/script>\n<!-- \/ Yoast SEO plugin. -->","yoast_head_json":{"title":"Zone environnante - Mas Del Pi","robots":{"index":"index","follow":"follow","max-snippet":"max-snippet:-1","max-image-preview":"max-image-preview:large","max-video-preview":"max-video-preview:-1"},"canonical":"https:\/\/masdelpi-valderrobres.com\/fr\/zone-environnante\/","og_locale":"fr_FR","og_type":"article","og_title":"Zone environnante - Mas Del Pi","og_description":"Zone environnante Calme, beau et impressionnantLa r\u00e9gion de Matarra\u00f1a, avec ses belles collines vertes et ses montagnes au sud-est de la r\u00e9gion d&rsquo;Aragon, o\u00f9 se trouve Mas del Pi, est de plus en plus populaire. Cependant, il n&rsquo;y a pas encore de tourisme de masse. Cette r\u00e9gion est souvent appel\u00e9e la \u00ab\u00a0Toscane espagnole\u00a0\u00bb, ce qui [&hellip;]","og_url":"https:\/\/masdelpi-valderrobres.com\/fr\/zone-environnante\/","og_site_name":"Mas Del Pi","article_modified_time":"2024-06-18T08:45:33+00:00","twitter_card":"summary_large_image","schema":{"@context":"https:\/\/schema.org","@graph":[{"@type":"WebPage","@id":"https:\/\/masdelpi-valderrobres.com\/fr\/zone-environnante\/","url":"https:\/\/masdelpi-valderrobres.com\/fr\/zone-environnante\/","name":"Zone environnante - Mas Del Pi","isPartOf":{"@id":"https:\/\/masdelpi-valderrobres.com\/fr\/#website"},"primaryImageOfPage":{"@id":"https:\/\/masdelpi-valderrobres.com\/fr\/zone-environnante\/#primaryimage"},"image":{"@id":"https:\/\/masdelpi-valderrobres.com\/fr\/zone-environnante\/#primaryimage"},"thumbnailUrl":"","datePublished":"2023-03-16T14:56:31+00:00","dateModified":"2024-06-18T08:45:33+00:00","breadcrumb":{"@id":"https:\/\/masdelpi-valderrobres.com\/fr\/zone-environnante\/#breadcrumb"},"inLanguage":"fr-FR","potentialAction":[{"@type":"ReadAction","target":["https:\/\/masdelpi-valderrobres.com\/fr\/zone-environnante\/"]}]},{"@type":"ImageObject","inLanguage":"fr-FR","@id":"https:\/\/masdelpi-valderrobres.com\/fr\/zone-environnante\/#primaryimage","url":"","contentUrl":""},{"@type":"BreadcrumbList","@id":"https:\/\/masdelpi-valderrobres.com\/fr\/zone-environnante\/#breadcrumb","itemListElement":[{"@type":"ListItem","position":1,"name":"Home","item":"https:\/\/masdelpi-valderrobres.com\/fr\/accueil\/"},{"@type":"ListItem","position":2,"name":"Zone environnante"}]},{"@type":"WebSite","@id":"https:\/\/masdelpi-valderrobres.com\/fr\/#website","url":"https:\/\/masdelpi-valderrobres.com\/fr\/","name":"Mas Del Pi","description":"Valderrobres","publisher":{"@id":"https:\/\/masdelpi-valderrobres.com\/fr\/#organization"},"potentialAction":[{"@type":"SearchAction","target":{"@type":"EntryPoint","urlTemplate":"https:\/\/masdelpi-valderrobres.com\/fr\/?s={search_term_string}"},"query-input":{"@type":"PropertyValueSpecification","valueRequired":true,"valueName":"search_term_string"}}],"inLanguage":"fr-FR"},{"@type":"Organization","@id":"https:\/\/masdelpi-valderrobres.com\/fr\/#organization","name":"Mas Del Pi","url":"https:\/\/masdelpi-valderrobres.com\/fr\/","logo":{"@type":"ImageObject","inLanguage":"fr-FR","@id":"https:\/\/masdelpi-valderrobres.com\/fr\/#\/schema\/logo\/image\/","url":"https:\/\/masdelpi-valderrobres.com\/wp-content\/uploads\/2020\/10\/dasfghj.png","contentUrl":"https:\/\/masdelpi-valderrobres.com\/wp-content\/uploads\/2020\/10\/dasfghj.png","width":517,"height":211,"caption":"Mas Del Pi"},"image":{"@id":"https:\/\/masdelpi-valderrobres.com\/fr\/#\/schema\/logo\/image\/"}}]}},"_links":{"self":[{"href":"https:\/\/masdelpi-valderrobres.com\/fr\/wp-json\/wp\/v2\/pages\/2977","targetHints":{"allow":["GET"]}}],"collection":[{"href":"https:\/\/masdelpi-valderrobres.com\/fr\/wp-json\/wp\/v2\/pages"}],"about":[{"href":"https:\/\/masdelpi-valderrobres.com\/fr\/wp-json\/wp\/v2\/types\/page"}],"author":[{"embeddable":true,"href":"https:\/\/masdelpi-valderrobres.com\/fr\/wp-json\/wp\/v2\/users\/1"}],"replies":[{"embeddable":true,"href":"https:\/\/masdelpi-valderrobres.com\/fr\/wp-json\/wp\/v2\/comments?post=2977"}],"version-history":[{"count":4,"href":"https:\/\/masdelpi-valderrobres.com\/fr\/wp-json\/wp\/v2\/pages\/2977\/revisions"}],"predecessor-version":[{"id":4026,"href":"https:\/\/masdelpi-valderrobres.com\/fr\/wp-json\/wp\/v2\/pages\/2977\/revisions\/4026"}],"wp:featuredmedia":[{"embeddable":true,"href":"https:\/\/masdelpi-valderrobres.com\/fr\/wp-json\/"}],"wp:attachment":[{"href":"https:\/\/masdelpi-valderrobres.com\/fr\/wp-json\/wp\/v2\/media?parent=2977"}],"curies":[{"name":"wp","href":"https:\/\/api.w.org\/{rel}","templated":true}]}}